{"id":23056,"date":"2021-10-10T17:33:11","date_gmt":"2021-10-10T15:33:11","guid":{"rendered":"https:\/\/new.tapadum.com\/product\/cumbus-saz-cooper-cumbus-collo-saz-sazbus-professionale\/"},"modified":"2026-05-01T10:51:25","modified_gmt":"2026-05-01T08:51:25","slug":"cumbus-saz-cooper-cumbus-collo-saz-sazbus-professionale","status":"publish","type":"product","link":"https:\/\/new.tapadum.com\/it\/prodotto\/cumbus-saz-cooper-cumbus-collo-saz-sazbus-professionale\/","title":{"rendered":"Cumbus Saz Cooper (Saz Neck Cumbus) Sazbus Professionale"},"content":{"rendered":"<p>Il C\u00fcmb\u00fc\u015f \u00e8 uno strumento unico e innovativo che occupa un posto speciale nella musica turca, sviluppato da Zeynel Abidin C\u00fcmb\u00fc\u015f all&#8217;inizio del XX secolo.<\/p>\n<p>Presenta un corpo in rame con pelle naturale o sintetica tesa sulla tavola armonica, un lungo collo, tasti e corde metalliche, creando un suono versatile che mescola elementi di chitarra, banjo e oud.<\/p>\n<p>Una delle innovazioni chiave del C\u00fcmb\u00fc\u015f \u00e8 il suo collo regolabile e intercambiabile, che consente regolazioni di altezza e la possibilit\u00e0 di cambiare collo.<\/p>\n<p>Questo design offre flessibilit\u00e0 ai musicisti per adattare l&#8217;altezza dello strumento alle proprie preferenze ed esplorare diverse possibilit\u00e0 tonali utilizzando colli differenti.<\/p>\n<p>Con questa caratteristica unica, diventa uno strumento versatile che pu\u00f2 adattarsi a vari stili musicali ed espressioni creative.<\/p>\n<p>Il corpo in rame funge anche da camera di risonanza, amplificando il suono e conferendo allo strumento una proiezione e una qualit\u00e0 tonale distinte.<\/p>\n<p>Questo sistema di risonanza consente allo strumento di essere sentito chiaramente in vari contesti musicali, da performance intime a ensamble pi\u00f9 grandi.<\/p>\n<p>Con la sua fusione di eredit\u00e0 turca tradizionale e lavorazione moderna, questo strumento apre le porte a un mondo di creativit\u00e0 ed esplorazione sonora.<br \/><strong>Corpo:<\/strong> Rame<br \/><strong>Peg:<\/strong> Parti meccaniche<br \/><strong>Collo:<\/strong> Faggio (19\/24 tasti) (Collo lungo o corto)<br \/><strong>Tastiera:<\/strong> Mogano \/ Noce<br \/><strong>Copertura sonora:<\/strong> Pelle sintetica da 0,125 micron<\/p>\n<p>Questo strumento, progettato sulla base del <strong>baglama<\/strong>, \u00e8 pi\u00f9 piccolo e sottile del C\u00fcmb\u00fc\u015f.<br \/><strong>Opzioni di collo lungo e corto disponibili!!<\/strong><br \/><strong>.Corpo:<\/strong> Rame \/ Forgiato a mano<br \/><strong>.Pezzi di accordatura:<\/strong> Parti meccaniche<br \/><strong>.Collo:<\/strong> Faggio (19\/24 tasti)<br \/><strong>.Tastiera:<\/strong> Mogano \/ Noce<br \/><strong>.Corde:<\/strong> 3 file doppie di filo<br \/><strong>.Copertura sonora:<\/strong> Pelle sintetica da 0,125 micron<\/p>\n","protected":false},"excerpt":{"rendered":"<p>Cumbus Saz Cooper creato da Zeynel Abidin C\u00fcmb\u00fc\u015f<\/p>\n","protected":false},"featured_media":3582,"comment_status":"closed","ping_status":"closed","template":"","meta":[],"product_brand":[],"product_cat":[249,252,248],"product_tag":[],"class_list":{"0":"post-23056","1":"product","2":"type-product","3":"status-publish","4":"has-post-thumbnail","6":"product_cat-baglama-saz-it","7":"product_cat-manico-lungo","8":"product_cat-strumenti-a-corda","10":"first","11":"instock","12":"sold-individually","13":"shipping-taxable","14":"purchasable","15":"product-type-simple"},"_links":{"self":[{"href":"https:\/\/new.tapadum.com\/it\/wp-json\/wp\/v2\/product\/23056","targetHints":{"allow":["GET"]}}],"collection":[{"href":"https:\/\/new.tapadum.com\/it\/wp-json\/wp\/v2\/product"}],"about":[{"href":"https:\/\/new.tapadum.com\/it\/wp-json\/wp\/v2\/types\/product"}],"replies":[{"embeddable":true,"href":"https:\/\/new.tapadum.com\/it\/wp-json\/wp\/v2\/comments?post=23056"}],"version-history":[{"count":2,"href":"https:\/\/new.tapadum.com\/it\/wp-json\/wp\/v2\/product\/23056\/revisions"}],"predecessor-version":[{"id":34974,"href":"https:\/\/new.tapadum.com\/it\/wp-json\/wp\/v2\/product\/23056\/revisions\/34974"}],"wp:featuredmedia":[{"embeddable":true,"href":"https:\/\/new.tapadum.com\/it\/wp-json\/wp\/v2\/media\/3582"}],"wp:attachment":[{"href":"https:\/\/new.tapadum.com\/it\/wp-json\/wp\/v2\/media?parent=23056"}],"wp:term":[{"taxonomy":"product_brand","embeddable":true,"href":"https:\/\/new.tapadum.com\/it\/wp-json\/wp\/v2\/product_brand?post=23056"},{"taxonomy":"product_cat","embeddable":true,"href":"https:\/\/new.tapadum.com\/it\/wp-json\/wp\/v2\/product_cat?post=23056"},{"taxonomy":"product_tag","embeddable":true,"href":"https:\/\/new.tapadum.com\/it\/wp-json\/wp\/v2\/product_tag?post=23056"}],"curies":[{"name":"wp","href":"https:\/\/api.w.org\/{rel}","templated":true}]}}