{"id":33769,"date":"2025-06-12T18:18:23","date_gmt":"2025-06-12T16:18:23","guid":{"rendered":"https:\/\/new.tapadum.com\/discounts-fr\/"},"modified":"2026-05-03T01:31:54","modified_gmt":"2026-05-02T23:31:54","slug":"discounts","status":"publish","type":"page","link":"https:\/\/new.tapadum.com\/fr\/discounts\/","title":{"rendered":"R\u00e9ductions"},"content":{"rendered":"\t\t<div data-elementor-type=\"wp-page\" data-elementor-id=\"33769\" class=\"elementor elementor-33769 elementor-25620\">\n\t\t\t\t<div class=\"elementor-element elementor-element-789fa5e e-flex e-con-boxed e-con e-parent\" data-id=\"789fa5e\" data-element_type=\"container\" data-e-type=\"container\" data-settings=\"{&quot;background_background&quot;:&quot;classic&quot;}\">\n\t\t\t\t\t<div class=\"e-con-inner\">\n\t\t\t\t\t<\/div>\n\t\t\t\t<\/div>\n\t\t<div class=\"elementor-element elementor-element-0e5d0be e-flex e-con-boxed e-con e-parent\" data-id=\"0e5d0be\" data-element_type=\"container\" data-e-type=\"container\" data-settings=\"{&quot;background_background&quot;:&quot;classic&quot;}\">\n\t\t\t\t\t<div class=\"e-con-inner\">\n\t\t<div class=\"elementor-element elementor-element-189b11e e-con-full e-flex e-con e-child\" data-id=\"189b11e\" data-element_type=\"container\" data-e-type=\"container\">\n\t\t<div class=\"elementor-element elementor-element-53292c8 e-con-full e-flex e-con e-child\" data-id=\"53292c8\" data-element_type=\"container\" data-e-type=\"container\" data-settings=\"{&quot;background_background&quot;:&quot;classic&quot;}\">\n\t\t\t\t<div class=\"elementor-element elementor-element-339d7a5 elementor-widget elementor-widget-text-editor\" data-id=\"339d7a5\" data-element_type=\"widget\" data-e-type=\"widget\" data-widget_type=\"text-editor.default\">\n\t\t\t\t\t\t\t\t\t<p>Une s\u00e9lection d&rsquo;instruments de percussion est d\u00e9sormais disponible \u00e0 prix r\u00e9duits, incluant darbuka, riq, udu, tambours sur cadre, handpan et tongue drums. D\u00e9couvrez une gamme de pi\u00e8ces artisanales con\u00e7ues pour apporter profondeur, texture et rythme \u00e0 votre musique.<\/p>\t\t\t\t\t\t\t\t<\/div>\n\t\t\t\t<\/div>\n\t\t<div class=\"elementor-element elementor-element-d8ce57e e-con-full e-flex e-con e-child\" data-id=\"d8ce57e\" data-element_type=\"container\" data-e-type=\"container\" data-settings=\"{&quot;background_background&quot;:&quot;classic&quot;}\">\n\t\t\t\t<div class=\"elementor-element elementor-element-b1ceddc elementor-widget elementor-widget-text-editor\" data-id=\"b1ceddc\" data-element_type=\"widget\" data-e-type=\"widget\" data-widget_type=\"text-editor.default\">\n\t\t\t\t\t\t\t\t\t<section class=\"text-token-text-primary w-full focus:outline-none [--shadow-height:45px] has-data-writing-block:pointer-events-none has-data-writing-block:-mt-(--shadow-height) has-data-writing-block:pt-(--shadow-height) [&amp;:has([data-writing-block])&gt;*]:pointer-events-auto R6Vx5W_threadScrollVars scroll-mb-[calc(var(--scroll-root-safe-area-inset-bottom,0px)+var(--thread-response-height))] scroll-mt-(--header-height)\" dir=\"auto\" data-turn-id=\"1619d1a1-2f68-41d6-b810-20dfcc9e22c7\" data-testid=\"conversation-turn-9\" data-scroll-anchor=\"false\" data-turn=\"user\"><\/section><section class=\"text-token-text-primary w-full focus:outline-none [--shadow-height:45px] has-data-writing-block:pointer-events-none has-data-writing-block:-mt-(--shadow-height) has-data-writing-block:pt-(--shadow-height) [&amp;:has([data-writing-block])&gt;*]:pointer-events-auto [content-visibility:auto] supports-[content-visibility:auto]:[contain-intrinsic-size:auto_100lvh] R6Vx5W_threadScrollVars scroll-mb-[calc(var(--scroll-root-safe-area-inset-bottom,0px)+var(--thread-response-height))] scroll-mt-[calc(var(--header-height)+min(200px,max(70px,20svh)))]\" dir=\"auto\" data-turn-id=\"request-WEB:02942043-c8c0-459b-8ad9-6f6ce58c53e0-4\" data-testid=\"conversation-turn-10\" data-scroll-anchor=\"false\" data-turn=\"assistant\"><div class=\"text-base my-auto mx-auto pb-10 [--thread-content-margin:var(--thread-content-margin-xs,calc(var(--spacing)*4))] @w-sm\/main:[--thread-content-margin:var(--thread-content-margin-sm,calc(var(--spacing)*6))] @w-lg\/main:[--thread-content-margin:var(--thread-content-margin-lg,calc(var(--spacing)*16))] px-(--thread-content-margin)\"><div class=\"[--thread-content-max-width:40rem] @w-lg\/main:[--thread-content-max-width:48rem] mx-auto max-w-(--thread-content-max-width) flex-1 group\/turn-messages focus-visible:outline-hidden relative flex w-full min-w-0 flex-col agent-turn\"><div class=\"flex max-w-full flex-col gap-4 grow\"><div class=\"min-h-8 text-message relative flex w-full flex-col items-end gap-2 text-start break-words whitespace-normal outline-none keyboard-focused:focus-ring [.text-message+&amp;]:mt-1\" dir=\"auto\" tabindex=\"0\" data-message-author-role=\"assistant\" data-message-id=\"b195dd1e-c2ef-4ef6-b3d9-8c19692a066b\" data-message-model-slug=\"gpt-5-3\" data-turn-start-message=\"true\"><div class=\"flex w-full flex-col gap-1 empty:hidden\"><div class=\"markdown prose dark:prose-invert w-full wrap-break-word dark markdown-new-styling\"><p data-start=\"0\" data-end=\"251\" data-is-last-node=\"\" data-is-only-node=\"\">Un large choix d&rsquo;instruments \u00e0 cordes est propos\u00e9 \u00e0 prix r\u00e9duits, notamment le oud, la lavta, le santour, le bouzouki grec, la tambura bulgare, le setar et le tar. D\u00e9couvrez des sonorit\u00e9s uniques et un savoir-faire traditionnel \u00e0 travers diff\u00e9rentes cultures musicales.<\/p><\/div><\/div><\/div><\/div><\/div><\/div><\/section>\t\t\t\t\t\t\t\t<\/div>\n\t\t\t\t<\/div>\n\t\t<div class=\"elementor-element elementor-element-bc469b9 e-con-full e-flex e-con e-child\" data-id=\"bc469b9\" data-element_type=\"container\" data-e-type=\"container\" data-settings=\"{&quot;background_background&quot;:&quot;classic&quot;}\">\n\t\t\t\t<div class=\"elementor-element elementor-element-833f81c elementor-widget elementor-widget-text-editor\" data-id=\"833f81c\" data-element_type=\"widget\" data-e-type=\"widget\" data-widget_type=\"text-editor.default\">\n\t\t\t\t\t\t\t\t\t<section class=\"text-token-text-primary w-full focus:outline-none [--shadow-height:45px] has-data-writing-block:pointer-events-none has-data-writing-block:-mt-(--shadow-height) has-data-writing-block:pt-(--shadow-height) [&amp;:has([data-writing-block])&gt;*]:pointer-events-auto R6Vx5W_threadScrollVars scroll-mb-[calc(var(--scroll-root-safe-area-inset-bottom,0px)+var(--thread-response-height))] scroll-mt-(--header-height)\" dir=\"auto\" data-turn-id=\"1619d1a1-2f68-41d6-b810-20dfcc9e22c7\" data-testid=\"conversation-turn-9\" data-scroll-anchor=\"false\" data-turn=\"user\"><\/section><section class=\"text-token-text-primary w-full focus:outline-none [--shadow-height:45px] has-data-writing-block:pointer-events-none has-data-writing-block:-mt-(--shadow-height) has-data-writing-block:pt-(--shadow-height) [&amp;:has([data-writing-block])&gt;*]:pointer-events-auto [content-visibility:auto] supports-[content-visibility:auto]:[contain-intrinsic-size:auto_100lvh] R6Vx5W_threadScrollVars scroll-mb-[calc(var(--scroll-root-safe-area-inset-bottom,0px)+var(--thread-response-height))] scroll-mt-[calc(var(--header-height)+min(200px,max(70px,20svh)))]\" dir=\"auto\" data-turn-id=\"request-WEB:02942043-c8c0-459b-8ad9-6f6ce58c53e0-4\" data-testid=\"conversation-turn-10\" data-scroll-anchor=\"false\" data-turn=\"assistant\"><div class=\"text-base my-auto mx-auto pb-10 [--thread-content-margin:var(--thread-content-margin-xs,calc(var(--spacing)*4))] @w-sm\/main:[--thread-content-margin:var(--thread-content-margin-sm,calc(var(--spacing)*6))] @w-lg\/main:[--thread-content-margin:var(--thread-content-margin-lg,calc(var(--spacing)*16))] px-(--thread-content-margin)\"><div class=\"[--thread-content-max-width:40rem] @w-lg\/main:[--thread-content-max-width:48rem] mx-auto max-w-(--thread-content-max-width) flex-1 group\/turn-messages focus-visible:outline-hidden relative flex w-full min-w-0 flex-col agent-turn\"><div class=\"flex max-w-full flex-col gap-4 grow\"><div class=\"min-h-8 text-message relative flex w-full flex-col items-end gap-2 text-start break-words whitespace-normal outline-none keyboard-focused:focus-ring [.text-message+&amp;]:mt-1\" dir=\"auto\" tabindex=\"0\" data-message-author-role=\"assistant\" data-message-id=\"b195dd1e-c2ef-4ef6-b3d9-8c19692a066b\" data-message-model-slug=\"gpt-5-3\" data-turn-start-message=\"true\"><div class=\"flex w-full flex-col gap-1 empty:hidden\"><div class=\"markdown prose dark:prose-invert w-full wrap-break-word dark markdown-new-styling\"><p>B\u00e9n\u00e9ficiez d&rsquo;une r\u00e9duction suppl\u00e9mentaire de 3 % en plus de nos offres actuelles en nous envoyant simplement un e-mail et en cr\u00e9ant un compte sur notre site web. Envoyez un message \u00e0 <strong>info@new.tapadum.com<\/strong><\/p><p>et nous vous ferons parvenir votre coupon de r\u00e9duction exclusif.<\/p><\/div><\/div><\/div><\/div><\/div><\/div><\/section>\t\t\t\t\t\t\t\t<\/div>\n\t\t\t\t<\/div>\n\t\t\t\t<\/div>\n\t\t\t\t\t<\/div>\n\t\t\t\t<\/div>\n\t\t<div class=\"elementor-element elementor-element-bb1dc88 e-flex e-con-boxed e-con e-parent\" data-id=\"bb1dc88\" data-element_type=\"container\" data-e-type=\"container\">\n\t\t\t\t\t<div class=\"e-con-inner\">\n\t\t<div class=\"elementor-element elementor-element-09767c6 e-con-full e-flex e-con e-child\" data-id=\"09767c6\" data-element_type=\"container\" data-e-type=\"container\">\n\t\t\t\t<div class=\"elementor-element elementor-element-b0c4093 elementor-widget elementor-widget-image\" data-id=\"b0c4093\" data-element_type=\"widget\" data-e-type=\"widget\" data-widget_type=\"image.default\">\n\t\t\t\t\t\t\t\t\t\t\t\t\t\t\t<img fetchpriority=\"high\" decoding=\"async\" width=\"1024\" height=\"576\" src=\"https:\/\/new.tapadum.com\/wp-content\/uploads\/2026\/05\/1-2-1024x576.jpg\" class=\"attachment-large size-large wp-image-35369\" alt=\"\" srcset=\"https:\/\/new.tapadum.com\/wp-content\/uploads\/2026\/05\/1-2-1024x576.jpg 1024w, https:\/\/new.tapadum.com\/wp-content\/uploads\/2026\/05\/1-2-1200x675.jpg 1200w, https:\/\/new.tapadum.com\/wp-content\/uploads\/2026\/05\/1-2-300x169.jpg 300w, https:\/\/new.tapadum.com\/wp-content\/uploads\/2026\/05\/1-2-768x432.jpg 768w, https:\/\/new.tapadum.com\/wp-content\/uploads\/2026\/05\/1-2-1536x864.jpg 1536w, https:\/\/new.tapadum.com\/wp-content\/uploads\/2026\/05\/1-2.jpg 1920w\" sizes=\"(max-width: 1024px) 100vw, 1024px\" \/>\t\t\t\t\t\t\t\t\t\t\t\t\t\t\t<\/div>\n\t\t\t\t<div class=\"elementor-element elementor-element-8e1084d elementor-widget elementor-widget-image\" data-id=\"8e1084d\" data-element_type=\"widget\" data-e-type=\"widget\" data-widget_type=\"image.default\">\n\t\t\t\t\t\t\t\t\t\t\t\t\t\t\t<img decoding=\"async\" width=\"1024\" height=\"576\" src=\"https:\/\/new.tapadum.com\/wp-content\/uploads\/2026\/05\/6-1024x576.jpg\" class=\"attachment-large size-large wp-image-35370\" alt=\"\" srcset=\"https:\/\/new.tapadum.com\/wp-content\/uploads\/2026\/05\/6-1024x576.jpg 1024w, https:\/\/new.tapadum.com\/wp-content\/uploads\/2026\/05\/6-1200x675.jpg 1200w, https:\/\/new.tapadum.com\/wp-content\/uploads\/2026\/05\/6-300x169.jpg 300w, https:\/\/new.tapadum.com\/wp-content\/uploads\/2026\/05\/6-768x432.jpg 768w, https:\/\/new.tapadum.com\/wp-content\/uploads\/2026\/05\/6-1536x864.jpg 1536w, https:\/\/new.tapadum.com\/wp-content\/uploads\/2026\/05\/6.jpg 1920w\" sizes=\"(max-width: 1024px) 100vw, 1024px\" \/>\t\t\t\t\t\t\t\t\t\t\t\t\t\t\t<\/div>\n\t\t\t\t<\/div>\n\t\t<div class=\"elementor-element elementor-element-fb6d6a9 e-con-full e-flex e-con e-child\" data-id=\"fb6d6a9\" data-element_type=\"container\" data-e-type=\"container\">\n\t\t\t\t<\/div>\n\t\t\t\t\t<\/div>\n\t\t\t\t<\/div>\n\t\t<div class=\"elementor-element elementor-element-b4ff903 e-flex e-con-boxed e-con e-parent\" data-id=\"b4ff903\" data-element_type=\"container\" data-e-type=\"container\">\n\t\t\t\t\t<div class=\"e-con-inner\">\n\t\t\t\t<div class=\"elementor-element elementor-element-93c953d elementor-widget elementor-widget-woocommerce-products\" data-id=\"93c953d\" data-element_type=\"widget\" data-e-type=\"widget\" data-widget_type=\"woocommerce-products.default\">\n\t\t\t\t<div class=\"elementor-widget-container\">\n\t\t\t\t\t \t\t\t\t<\/div>\n\t\t\t\t<\/div>\n\t\t\t\t\t<\/div>\n\t\t\t\t<\/div>\n\t\t\t\t<\/div>\n\t\t","protected":false},"excerpt":{"rendered":"<p>C\u00e9l\u00e9brez votre anniversaire avec nous chez Tapadum Ethnic Music Store et profitez de r\u00e9ductions exclusives sur une large gamme d&rsquo;instruments de musique traditionnels et d&rsquo;accessoires. Offre sp\u00e9ciale anniversaire pour une dur\u00e9e limit\u00e9e&#8230;<\/p>\n","protected":false},"author":1,"featured_media":0,"parent":0,"menu_order":0,"comment_status":"closed","ping_status":"closed","template":"elementor_header_footer","meta":{"footnotes":""},"class_list":["post-33769","page","type-page","status-publish","hentry"],"_links":{"self":[{"href":"https:\/\/new.tapadum.com\/fr\/wp-json\/wp\/v2\/pages\/33769","targetHints":{"allow":["GET"]}}],"collection":[{"href":"https:\/\/new.tapadum.com\/fr\/wp-json\/wp\/v2\/pages"}],"about":[{"href":"https:\/\/new.tapadum.com\/fr\/wp-json\/wp\/v2\/types\/page"}],"author":[{"embeddable":true,"href":"https:\/\/new.tapadum.com\/fr\/wp-json\/wp\/v2\/users\/1"}],"replies":[{"embeddable":true,"href":"https:\/\/new.tapadum.com\/fr\/wp-json\/wp\/v2\/comments?post=33769"}],"version-history":[{"count":13,"href":"https:\/\/new.tapadum.com\/fr\/wp-json\/wp\/v2\/pages\/33769\/revisions"}],"predecessor-version":[{"id":35409,"href":"https:\/\/new.tapadum.com\/fr\/wp-json\/wp\/v2\/pages\/33769\/revisions\/35409"}],"wp:attachment":[{"href":"https:\/\/new.tapadum.com\/fr\/wp-json\/wp\/v2\/media?parent=33769"}],"curies":[{"name":"wp","href":"https:\/\/api.w.org\/{rel}","templated":true}]}}