{"id":20059,"date":"2023-07-10T22:00:17","date_gmt":"2023-07-10T20:00:17","guid":{"rendered":"https:\/\/new.tapadum.com\/?page_id=20059"},"modified":"2026-04-25T23:51:45","modified_gmt":"2026-04-25T21:51:45","slug":"termes-et-conditions","status":"publish","type":"page","link":"https:\/\/new.tapadum.com\/fr\/termes-et-conditions\/","title":{"rendered":"Termes et Conditions"},"content":{"rendered":"\t\t<div data-elementor-type=\"wp-page\" data-elementor-id=\"20059\" class=\"elementor elementor-20059 elementor-9436\">\n\t\t\t\t<div class=\"elementor-element elementor-element-52017b0 e-flex e-con-boxed e-con e-parent\" data-id=\"52017b0\" data-element_type=\"container\" data-e-type=\"container\">\n\t\t\t\t\t<div class=\"e-con-inner\">\n\t\t\t\t<div class=\"elementor-element elementor-element-90cc5c9 elementor-widget elementor-widget-heading\" data-id=\"90cc5c9\" data-element_type=\"widget\" data-e-type=\"widget\" data-widget_type=\"heading.default\">\n\t\t\t\t\t<h2 class=\"elementor-heading-title elementor-size-default\">Termes et Conditions<\/h2>\t\t\t\t<\/div>\n\t\t\t\t<div class=\"elementor-element elementor-element-5e1e523 elementor-widget elementor-widget-text-editor\" data-id=\"5e1e523\" data-element_type=\"widget\" data-e-type=\"widget\" data-widget_type=\"text-editor.default\">\n\t\t\t\t\t\t\t\t\t<p>POLITIQUE DE RETOUR ET DE REMBOURSEMENT &#8211;<\/p>\n<p>Vous pouvez retourner la plupart des articles neufs et non ouverts dans les 15 jours suivant la livraison pour obtenir un remboursement int\u00e9gral. Nous prenons \u00e9galement en charge les frais de retour si celui-ci est d\u00fb \u00e0 une erreur de notre part (article incorrect ou d\u00e9fectueux, etc.). Dans les autres cas, les frais de retour sont \u00e0 la charge du client.<\/p>\n<p>Le remboursement est g\u00e9n\u00e9ralement effectu\u00e9 dans un d\u00e9lai de quatre semaines apr\u00e8s le d\u00e9p\u00f4t de votre colis aupr\u00e8s du transporteur. Toutefois, dans la plupart des cas, vous recevrez votre remboursement plus rapidement. Ce d\u00e9lai comprend le temps de transit pour la r\u00e9ception de votre retour (5 \u00e0 10 jours ouvrables), le temps de traitement de votre retour une fois re\u00e7u (3 \u00e0 5 jours ouvrables) et le temps de traitement de votre remboursement par votre banque (5 \u00e0 10 jours ouvrables).<\/p>\n<p>Les remboursements sont effectu\u00e9s apr\u00e8s v\u00e9rification des produits retourn\u00e9s. Le colis de retour doit \u00eatre emball\u00e9 de la m\u00eame mani\u00e8re que lors de son envoi. Une fois le produit r\u00e9ceptionn\u00e9 sans probl\u00e8me, le remboursement est effectu\u00e9.<\/p>\n<p>**Gr\u00e2ce \u00e0 un emballage soign\u00e9, vos instruments sont en s\u00e9curit\u00e9.**<\/p>\n<p>Tapadum est \u00e0 l&rsquo;\u00e9coute des musiciens. N&rsquo;h\u00e9sitez pas \u00e0 contacter notre \u00e9quipe pour toute question concernant vos instruments. Tapadum vous offre une assistance technique pour tout probl\u00e8me rencontr\u00e9.<\/p>\n<p>***Pour les commandes hors Europe, les taxes douani\u00e8res li\u00e9es aux envois internationaux sont \u00e0 la charge du client. L&rsquo;acheteur est responsable des \u00e9ventuels frais de douane et taxes d&rsquo;importation. Nous ne sommes pas responsables des retards dus aux douanes.<\/p>\n<p>Pour toute assistance, veuillez nous contacter\u00a0:<\/p>\n<p>Conditions g\u00e9n\u00e9rales de vente de Tapadum Music Store<\/p>\n<p>Via Vicolo Galletti 2 48013 Brisighella (RA) Italie<\/p>\n<p>info@new.tapadum.com<\/p>\n<p>+39 3479746257<\/p>\n\t\t\t\t\t\t\t\t<\/div>\n\t\t\t\t\t<\/div>\n\t\t\t\t<\/div>\n\t\t<div class=\"elementor-element elementor-element-e7aeaf0 e-flex e-con-boxed e-con e-parent\" data-id=\"e7aeaf0\" data-element_type=\"container\" data-e-type=\"container\">\n\t\t\t\t\t<div class=\"e-con-inner\">\n\t\t\t\t<div class=\"elementor-element elementor-element-03e0ba0 elementor-widget-tablet__width-initial elementor-widget elementor-widget-image\" data-id=\"03e0ba0\" data-element_type=\"widget\" data-e-type=\"widget\" data-widget_type=\"image.default\">\n\t\t\t\t\t\t\t\t\t\t\t\t\t\t\t\t<a href=\"https:\/\/new.tapadum.com\/fr\/contactez-nous\/\">\n\t\t\t\t\t\t\t<img fetchpriority=\"high\" decoding=\"async\" width=\"1024\" height=\"512\" src=\"https:\/\/new.tapadum.com\/wp-content\/uploads\/2024\/11\/terms-and-conditions-1024x512.jpg\" class=\"attachment-large size-large wp-image-20061\" alt=\"\" srcset=\"https:\/\/new.tapadum.com\/wp-content\/uploads\/2024\/11\/terms-and-conditions-1024x512.jpg 1024w, https:\/\/new.tapadum.com\/wp-content\/uploads\/2024\/11\/terms-and-conditions-scaled-1200x600.jpg 1200w, https:\/\/new.tapadum.com\/wp-content\/uploads\/2024\/11\/terms-and-conditions-300x150.jpg 300w, https:\/\/new.tapadum.com\/wp-content\/uploads\/2024\/11\/terms-and-conditions-768x384.jpg 768w, https:\/\/new.tapadum.com\/wp-content\/uploads\/2024\/11\/terms-and-conditions-1536x768.jpg 1536w, https:\/\/new.tapadum.com\/wp-content\/uploads\/2024\/11\/terms-and-conditions-2048x1024.jpg 2048w\" sizes=\"(max-width: 1024px) 100vw, 1024px\" \/>\t\t\t\t\t\t\t\t<\/a>\n\t\t\t\t\t\t\t\t\t\t\t\t\t\t\t<\/div>\n\t\t\t\t\t<\/div>\n\t\t\t\t<\/div>\n\t\t\t\t<\/div>\n\t\t","protected":false},"excerpt":{"rendered":"<p>Politique de Retour et de RemboursementVous pouvez retourner la plupart des articles neufs et non ouverts dans un d\u00e9lai de 15 jours suivant la livraison pour un remboursement int\u00e9gral. Nous&#8230;<\/p>\n","protected":false},"author":1,"featured_media":0,"parent":0,"menu_order":0,"comment_status":"closed","ping_status":"closed","template":"","meta":{"footnotes":""},"class_list":["post-20059","page","type-page","status-publish","hentry"],"_links":{"self":[{"href":"https:\/\/new.tapadum.com\/fr\/wp-json\/wp\/v2\/pages\/20059","targetHints":{"allow":["GET"]}}],"collection":[{"href":"https:\/\/new.tapadum.com\/fr\/wp-json\/wp\/v2\/pages"}],"about":[{"href":"https:\/\/new.tapadum.com\/fr\/wp-json\/wp\/v2\/types\/page"}],"author":[{"embeddable":true,"href":"https:\/\/new.tapadum.com\/fr\/wp-json\/wp\/v2\/users\/1"}],"replies":[{"embeddable":true,"href":"https:\/\/new.tapadum.com\/fr\/wp-json\/wp\/v2\/comments?post=20059"}],"version-history":[{"count":9,"href":"https:\/\/new.tapadum.com\/fr\/wp-json\/wp\/v2\/pages\/20059\/revisions"}],"predecessor-version":[{"id":33465,"href":"https:\/\/new.tapadum.com\/fr\/wp-json\/wp\/v2\/pages\/20059\/revisions\/33465"}],"wp:attachment":[{"href":"https:\/\/new.tapadum.com\/fr\/wp-json\/wp\/v2\/media?parent=20059"}],"curies":[{"name":"wp","href":"https:\/\/api.w.org\/{rel}","templated":true}]}}