{"id":20042,"date":"2023-07-03T18:01:58","date_gmt":"2023-07-03T16:01:58","guid":{"rendered":"https:\/\/new.tapadum.com\/?page_id=20042"},"modified":"2026-04-25T23:46:02","modified_gmt":"2026-04-25T21:46:02","slug":"creez-vos-propres-instruments-de-musique","status":"publish","type":"page","link":"https:\/\/new.tapadum.com\/fr\/creez-vos-propres-instruments-de-musique\/","title":{"rendered":"Cr\u00e9ez vos Propres Instruments de Musique"},"content":{"rendered":"\t\t<div data-elementor-type=\"wp-page\" data-elementor-id=\"20042\" class=\"elementor elementor-20042 elementor-8128\">\n\t\t\t\t\t\t<section class=\"elementor-section elementor-top-section elementor-element elementor-element-50cf23dc elementor-section-boxed elementor-section-height-default elementor-section-height-default\" data-id=\"50cf23dc\" data-element_type=\"section\" data-e-type=\"section\">\n\t\t\t\t\t\t<div class=\"elementor-container elementor-column-gap-default\">\n\t\t\t\t\t<div class=\"elementor-column elementor-col-50 elementor-top-column elementor-element elementor-element-675b4ec2\" data-id=\"675b4ec2\" data-element_type=\"column\" data-e-type=\"column\">\n\t\t\t<div class=\"elementor-widget-wrap elementor-element-populated\">\n\t\t\t\t\t\t<div class=\"elementor-element elementor-element-4dfd9380 elementor-invisible elementor-widget elementor-widget-image\" data-id=\"4dfd9380\" data-element_type=\"widget\" data-e-type=\"widget\" data-settings=\"{&quot;_animation&quot;:&quot;fadeInLeft&quot;}\" data-widget_type=\"image.default\">\n\t\t\t\t\t\t\t\t\t\t\t\t\t\t\t<img fetchpriority=\"high\" decoding=\"async\" width=\"1080\" height=\"770\" src=\"https:\/\/new.tapadum.com\/wp-content\/uploads\/2023\/06\/mitrecustomgauges_97284854_2668648600037205_106786333199024935_n.jpg\" class=\"attachment-full size-full wp-image-21256\" alt=\"Instruments de Musique Hand Made Musical Instruments\" srcset=\"https:\/\/new.tapadum.com\/wp-content\/uploads\/2023\/06\/mitrecustomgauges_97284854_2668648600037205_106786333199024935_n.jpg 1080w, https:\/\/new.tapadum.com\/wp-content\/uploads\/2023\/06\/mitrecustomgauges_97284854_2668648600037205_106786333199024935_n-300x214.jpg 300w, https:\/\/new.tapadum.com\/wp-content\/uploads\/2023\/06\/mitrecustomgauges_97284854_2668648600037205_106786333199024935_n-1024x730.jpg 1024w, https:\/\/new.tapadum.com\/wp-content\/uploads\/2023\/06\/mitrecustomgauges_97284854_2668648600037205_106786333199024935_n-768x548.jpg 768w, https:\/\/new.tapadum.com\/wp-content\/uploads\/2023\/06\/mitrecustomgauges_97284854_2668648600037205_106786333199024935_n-600x428.jpg 600w\" sizes=\"(max-width: 1080px) 100vw, 1080px\" \/>\t\t\t\t\t\t\t\t\t\t\t\t\t\t\t<\/div>\n\t\t\t\t\t<\/div>\n\t\t<\/div>\n\t\t\t\t<div class=\"elementor-column elementor-col-50 elementor-top-column elementor-element elementor-element-47eed1e8\" data-id=\"47eed1e8\" data-element_type=\"column\" data-e-type=\"column\">\n\t\t\t<div class=\"elementor-widget-wrap elementor-element-populated\">\n\t\t\t\t\t\t<div class=\"elementor-element elementor-element-7a269ce5 elementor-invisible elementor-widget elementor-widget-heading\" data-id=\"7a269ce5\" data-element_type=\"widget\" data-e-type=\"widget\" data-settings=\"{&quot;_animation&quot;:&quot;fadeInUp&quot;}\" data-widget_type=\"heading.default\">\n\t\t\t\t\t<h1 class=\"elementor-heading-title elementor-size-default\">Tapadum Customs  - Instruments de Musique <\/h1>\t\t\t\t<\/div>\n\t\t\t\t<div class=\"elementor-element elementor-element-5832200f elementor-invisible elementor-widget elementor-widget-heading\" data-id=\"5832200f\" data-element_type=\"widget\" data-e-type=\"widget\" data-settings=\"{&quot;_animation&quot;:&quot;fadeInRight&quot;}\" data-widget_type=\"heading.default\">\n\t\t\t\t\t<h3 class=\"elementor-heading-title elementor-size-default\">Contactez notre \u00e9quipe pour construire votre r\u00eave avec des d\u00e9tails personnalis\u00e9s<\/h3>\t\t\t\t<\/div>\n\t\t\t\t<div class=\"elementor-element elementor-element-279d880 elementor-invisible elementor-widget elementor-widget-text-editor\" data-id=\"279d880\" data-element_type=\"widget\" data-e-type=\"widget\" data-settings=\"{&quot;_animation&quot;:&quot;fadeInRight&quot;,&quot;_animation_delay&quot;:240}\" data-widget_type=\"text-editor.default\">\n\t\t\t\t\t\t\t\t\t<p>Cr\u00e9ez vos Propres Instruments de Musique : \u00cates-vous pr\u00eat \u00e0 donner vie \u00e0 votre vision musicale ? Chez Tapadum Music Store, notre \u00e9quipe d\u00e9vou\u00e9e est l\u00e0 pour faire de votre instrument de r\u00eave une r\u00e9alit\u00e9. Gr\u00e2ce \u00e0 notre service de construction sur mesure, vous avez la possibilit\u00e9 de choisir chaque d\u00e9tail et de cr\u00e9er un instrument vraiment unique qui correspond parfaitement \u00e0 vos pr\u00e9f\u00e9rences et \u00e0 votre style de jeu.<\/p>\t\t\t\t\t\t\t\t<\/div>\n\t\t\t\t<div class=\"elementor-element elementor-element-34ca9bd0 elementor-invisible elementor-widget elementor-widget-text-editor\" data-id=\"34ca9bd0\" data-element_type=\"widget\" data-e-type=\"widget\" data-settings=\"{&quot;_animation&quot;:&quot;fadeInRight&quot;,&quot;_animation_delay&quot;:240}\" data-widget_type=\"text-editor.default\">\n\t\t\t\t\t\t\t\t\t<p>Que vous soyez un musicien professionnel \u00e0 la recherche d&rsquo;un chef-d&rsquo;\u0153uvre unique en son genre ou un musicien en herbe \u00e0 la recherche d&rsquo;un parcours musical personnalis\u00e9, nos artisans et experts qualifi\u00e9s s&rsquo;engagent \u00e0 offrir une qualit\u00e9 et un savoir-faire exceptionnels. De la s\u00e9lection des meilleurs mat\u00e9riaux \u00e0 une attention m\u00e9ticuleuse aux d\u00e9tails, nous veillons \u00e0 ce que vos coutumes d\u00e9passent vos attentes.Cr\u00e9ez vos Propres Instruments de Musique.<\/p><p>Contactez notre \u00e9quipe d\u00e8s aujourd&rsquo;hui pour discuter de vos id\u00e9es et de vos besoins. Nous vous guiderons tout au long du processus, en vous offrant des conseils d&rsquo;experts et un soutien \u00e0 chaque \u00e9tape. Travaillons ensemble pour cr\u00e9er un instrument de musique qui refl\u00e8te votre individualit\u00e9 et \u00e9l\u00e8ve votre parcours musical. Contactez-nous et embarquez pour le voyage passionnant de la construction de votre r\u00eave.<\/p>\t\t\t\t\t\t\t\t<\/div>\n\t\t\t\t<div class=\"elementor-element elementor-element-7a4dfe21 elementor-align-center elementor-widget elementor-widget-button\" data-id=\"7a4dfe21\" data-element_type=\"widget\" data-e-type=\"widget\" data-widget_type=\"button.default\">\n\t\t\t\t\t\t\t\t\t\t<a class=\"elementor-button elementor-button-link elementor-size-md\" href=\"https:\/\/new.tapadum.com\/fr\/contactez-nous\/\">\n\t\t\t\t\t\t<span class=\"elementor-button-content-wrapper\">\n\t\t\t\t\t\t\t\t\t<span class=\"elementor-button-text\">Contactez-nous<\/span>\n\t\t\t\t\t<\/span>\n\t\t\t\t\t<\/a>\n\t\t\t\t\t\t\t\t<\/div>\n\t\t\t\t\t<\/div>\n\t\t<\/div>\n\t\t\t\t\t<\/div>\n\t\t<\/section>\n\t\t\t\t<section class=\"elementor-section elementor-top-section elementor-element elementor-element-6fc88526 elementor-reverse-mobile elementor-section-boxed elementor-section-height-default elementor-section-height-default\" data-id=\"6fc88526\" data-element_type=\"section\" data-e-type=\"section\" data-settings=\"{&quot;background_background&quot;:&quot;classic&quot;}\">\n\t\t\t\t\t\t<div class=\"elementor-container elementor-column-gap-default\">\n\t\t\t\t\t<div class=\"elementor-column elementor-col-50 elementor-top-column elementor-element elementor-element-71c37f9f elementor-invisible\" data-id=\"71c37f9f\" data-element_type=\"column\" data-e-type=\"column\" data-settings=\"{&quot;background_background&quot;:&quot;classic&quot;,&quot;animation&quot;:&quot;fadeInRight&quot;}\">\n\t\t\t<div class=\"elementor-widget-wrap elementor-element-populated\">\n\t\t\t\t\t\t<div class=\"elementor-element elementor-element-545b7ada elementor-widget elementor-widget-heading\" data-id=\"545b7ada\" data-element_type=\"widget\" data-e-type=\"widget\" data-widget_type=\"heading.default\">\n\t\t\t\t\t<h2 class=\"elementor-heading-title elementor-size-default\">Quels sont les facteurs qui d\u00e9terminent la qualit\u00e9 d\u2019un instrument de musique ?<\/h2>\t\t\t\t<\/div>\n\t\t\t\t<div class=\"elementor-element elementor-element-59ed97fa elementor-widget elementor-widget-text-editor\" data-id=\"59ed97fa\" data-element_type=\"widget\" data-e-type=\"widget\" data-widget_type=\"text-editor.default\">\n\t\t\t\t\t\t\t\t\t<p>Les mat\u00e9riaux utilis\u00e9s dans la fabrication des instruments sont essentiels au produit final. Les arbres sont l&rsquo;un des principaux mat\u00e9riaux utilis\u00e9s et le processus de s\u00e9chage peut avoir un impact significatif sur la qualit\u00e9 de l&rsquo;instrument. En g\u00e9n\u00e9ral, la structure physique de chaque instrument est compos\u00e9e de diff\u00e9rentes parties telles que le corps (chambre de r\u00e9sonance, bateau), le coffre (couvercle-dessus), le clavier (touche &#8211; manche), les frettes (s\u00e9parateurs de son), les chevilles, les chevalets (seuils) et les rainures des cordes. Nous accordons une attention particuli\u00e8re \u00e0 chaque d\u00e9tail du processus de construction pour garantir que chaque instrument r\u00e9pond \u00e0 nos normes de qualit\u00e9 \u00e9lev\u00e9es.<\/p>\t\t\t\t\t\t\t\t<\/div>\n\t\t\t\t<div class=\"elementor-element elementor-element-3c3fdd7d elementor-widget elementor-widget-text-editor\" data-id=\"3c3fdd7d\" data-element_type=\"widget\" data-e-type=\"widget\" data-widget_type=\"text-editor.default\">\n\t\t\t\t\t\t\t\t\t<p>The methods are also essential. Each one has its unique technical details, but in general, the time spent on each instrument and the waiting times required for the applied methods can significantly affect the final product. The biggest differences between mass-produced musical instruments and handmade ones stem from these details, and we take great care to ensure that each instrument we sell is crafted with the utmost care and attention.<\/p>\t\t\t\t\t\t\t\t<\/div>\n\t\t\t\t\t<\/div>\n\t\t<\/div>\n\t\t\t\t<div class=\"elementor-column elementor-col-50 elementor-top-column elementor-element elementor-element-5ae84f93 elementor-invisible\" data-id=\"5ae84f93\" data-element_type=\"column\" data-e-type=\"column\" data-settings=\"{&quot;animation&quot;:&quot;fadeInLeft&quot;}\">\n\t\t\t<div class=\"elementor-widget-wrap elementor-element-populated\">\n\t\t\t\t\t\t<div class=\"elementor-element elementor-element-617fbad5 elementor-widget elementor-widget-image\" data-id=\"617fbad5\" data-element_type=\"widget\" data-e-type=\"widget\" data-widget_type=\"image.default\">\n\t\t\t\t\t\t\t\t\t\t\t\t\t\t\t<img decoding=\"async\" width=\"1080\" height=\"1080\" src=\"https:\/\/new.tapadum.com\/wp-content\/uploads\/2023\/07\/106918779_1246219019043920_7697378075374900250_n.jpg\" class=\"attachment-full size-full wp-image-24586\" alt=\"\" srcset=\"https:\/\/new.tapadum.com\/wp-content\/uploads\/2023\/07\/106918779_1246219019043920_7697378075374900250_n.jpg 1080w, https:\/\/new.tapadum.com\/wp-content\/uploads\/2023\/07\/106918779_1246219019043920_7697378075374900250_n-600x600.jpg 600w, https:\/\/new.tapadum.com\/wp-content\/uploads\/2023\/07\/106918779_1246219019043920_7697378075374900250_n-100x100.jpg 100w, https:\/\/new.tapadum.com\/wp-content\/uploads\/2023\/07\/106918779_1246219019043920_7697378075374900250_n-300x300.jpg 300w, https:\/\/new.tapadum.com\/wp-content\/uploads\/2023\/07\/106918779_1246219019043920_7697378075374900250_n-1024x1024.jpg 1024w, https:\/\/new.tapadum.com\/wp-content\/uploads\/2023\/07\/106918779_1246219019043920_7697378075374900250_n-150x150.jpg 150w, https:\/\/new.tapadum.com\/wp-content\/uploads\/2023\/07\/106918779_1246219019043920_7697378075374900250_n-768x768.jpg 768w\" sizes=\"(max-width: 1080px) 100vw, 1080px\" \/>\t\t\t\t\t\t\t\t\t\t\t\t\t\t\t<\/div>\n\t\t\t\t\t<\/div>\n\t\t<\/div>\n\t\t\t\t\t<\/div>\n\t\t<\/section>\n\t\t\t\t<section class=\"elementor-section elementor-top-section elementor-element elementor-element-559b27fb elementor-section-boxed elementor-section-height-default elementor-section-height-default\" data-id=\"559b27fb\" data-element_type=\"section\" data-e-type=\"section\">\n\t\t\t\t\t\t\t<div class=\"elementor-background-overlay\"><\/div>\n\t\t\t\t\t\t\t<div class=\"elementor-container elementor-column-gap-default\">\n\t\t\t\t\t<div class=\"elementor-column elementor-col-100 elementor-top-column elementor-element elementor-element-7f22d155\" data-id=\"7f22d155\" data-element_type=\"column\" data-e-type=\"column\">\n\t\t\t<div class=\"elementor-widget-wrap elementor-element-populated\">\n\t\t\t\t\t\t<div class=\"elementor-element elementor-element-21f0a0ef elementor-invisible elementor-widget elementor-widget-heading\" data-id=\"21f0a0ef\" data-element_type=\"widget\" data-e-type=\"widget\" data-settings=\"{&quot;_animation&quot;:&quot;fadeInUp&quot;}\" data-widget_type=\"heading.default\">\n\t\t\t\t\t<h2 class=\"elementor-heading-title elementor-size-default\">Notre \u00e9quipe<\/h2>\t\t\t\t<\/div>\n\t\t\t\t<div class=\"elementor-element elementor-element-67f70f15 elementor-widget elementor-widget-text-editor\" data-id=\"67f70f15\" data-element_type=\"widget\" data-e-type=\"widget\" data-widget_type=\"text-editor.default\">\n\t\t\t\t\t\t\t\t\t<p>Notre \u00e9quipe d&rsquo;experts est l\u00e0 pour vous guider \u00e0 chaque \u00e9tape du processus. Nous offrons des services personnalis\u00e9s pour vous aider \u00e0 prendre des d\u00e9cisions \u00e9clair\u00e9es et \u00e0 trouver les instruments parfaits qui correspondent \u00e0 vos objectifs musicaux. Des recommandations d&rsquo;instruments aux r\u00e9parations et \u00e0 l&rsquo;entretien, nous nous engageons \u00e0 vous fournir le meilleur service possible.<\/p><p>Cr\u00e9ez vos Propres<a href=\"https:\/\/en.wikipedia.org\/wiki\/Category:Turkish_musical_instruments\" target=\"_blank\" rel=\"noopener\"> Instruments de Musique<\/a><\/p>\t\t\t\t\t\t\t\t<\/div>\n\t\t\t\t<div class=\"elementor-element elementor-element-1da66268 elementor-widget elementor-widget-testimonial-carousel\" data-id=\"1da66268\" data-element_type=\"widget\" data-e-type=\"widget\" data-widget_type=\"testimonial-carousel.default\">\n\t\t\t\t<div class=\"elementor-widget-container\">\n\t\t\t\t\t \t\t\t\t<\/div>\n\t\t\t\t<\/div>\n\t\t\t\t\t<\/div>\n\t\t<\/div>\n\t\t\t\t\t<\/div>\n\t\t<\/section>\n\t\t\t\t<section class=\"elementor-section elementor-top-section elementor-element elementor-element-663a544c elementor-section-full_width elementor-reverse-tablet elementor-reverse-mobile elementor-section-height-default elementor-section-height-default\" data-id=\"663a544c\" data-element_type=\"section\" data-e-type=\"section\" data-settings=\"{&quot;background_background&quot;:&quot;classic&quot;}\">\n\t\t\t\t\t\t\t<div class=\"elementor-background-overlay\"><\/div>\n\t\t\t\t\t\t\t<div class=\"elementor-container elementor-column-gap-no\">\n\t\t\t\t\t<div class=\"elementor-column elementor-col-33 elementor-top-column elementor-element elementor-element-5ae1e7e4 elementor-hidden-tablet elementor-hidden-phone\" data-id=\"5ae1e7e4\" data-element_type=\"column\" data-e-type=\"column\">\n\t\t\t<div class=\"elementor-widget-wrap elementor-element-populated\">\n\t\t\t\t\t\t<div class=\"elementor-element elementor-element-7dca3238 elementor-absolute elementor-widget elementor-widget-spacer\" data-id=\"7dca3238\" data-element_type=\"widget\" data-e-type=\"widget\" data-settings=\"{&quot;_position&quot;:&quot;absolute&quot;}\" data-widget_type=\"spacer.default\">\n\t\t\t\t\t\t\t<div class=\"elementor-spacer\">\n\t\t\t<div class=\"elementor-spacer-inner\"><\/div>\n\t\t<\/div>\n\t\t\t\t\t\t<\/div>\n\t\t\t\t\t<\/div>\n\t\t<\/div>\n\t\t\t\t<div class=\"elementor-column elementor-col-33 elementor-top-column elementor-element elementor-element-762baf73\" data-id=\"762baf73\" data-element_type=\"column\" data-e-type=\"column\">\n\t\t\t<div class=\"elementor-widget-wrap elementor-element-populated\">\n\t\t\t\t\t\t<div class=\"elementor-element elementor-element-7743b0e1 elementor-widget elementor-widget-heading\" data-id=\"7743b0e1\" data-element_type=\"widget\" data-e-type=\"widget\" data-widget_type=\"heading.default\">\n\t\t\t\t\t<h1 class=\"elementor-heading-title elementor-size-default\">Cr\u00e9ez vos Propres Instruments <\/h1>\t\t\t\t<\/div>\n\t\t\t\t<div class=\"elementor-element elementor-element-2244903c elementor-widget elementor-widget-text-editor\" data-id=\"2244903c\" data-element_type=\"widget\" data-e-type=\"widget\" data-widget_type=\"text-editor.default\">\n\t\t\t\t\t\t\t\t\t<p>Contactez-nous pour construire votre r\u00eave<\/p>\t\t\t\t\t\t\t\t<\/div>\n\t\t\t\t<div class=\"elementor-element elementor-element-1a790c35 elementor-align-center elementor-mobile-align-justify elementor-widget-mobile__width-inherit elementor-invisible elementor-widget elementor-widget-button\" data-id=\"1a790c35\" data-element_type=\"widget\" data-e-type=\"widget\" data-settings=\"{&quot;_animation&quot;:&quot;zoomIn&quot;}\" data-widget_type=\"button.default\">\n\t\t\t\t\t\t\t\t\t\t<a class=\"elementor-button elementor-button-link elementor-size-xl\" href=\"#\">\n\t\t\t\t\t\t<span class=\"elementor-button-content-wrapper\">\n\t\t\t\t\t\t<span class=\"elementor-button-icon\">\n\t\t\t\t<svg aria-hidden=\"true\" class=\"e-font-icon-svg e-fas-headset\" viewBox=\"0 0 512 512\" xmlns=\"http:\/\/www.w3.org\/2000\/svg\"><path d=\"M192 208c0-17.67-14.33-32-32-32h-16c-35.35 0-64 28.65-64 64v48c0 35.35 28.65 64 64 64h16c17.67 0 32-14.33 32-32V208zm176 144c35.35 0 64-28.65 64-64v-48c0-35.35-28.65-64-64-64h-16c-17.67 0-32 14.33-32 32v112c0 17.67 14.33 32 32 32h16zM256 0C113.18 0 4.58 118.83 0 256v16c0 8.84 7.16 16 16 16h16c8.84 0 16-7.16 16-16v-16c0-114.69 93.31-208 208-208s208 93.31 208 208h-.12c.08 2.43.12 165.72.12 165.72 0 23.35-18.93 42.28-42.28 42.28H320c0-26.51-21.49-48-48-48h-32c-26.51 0-48 21.49-48 48s21.49 48 48 48h181.72c49.86 0 90.28-40.42 90.28-90.28V256C507.42 118.83 398.82 0 256 0z\"><\/path><\/svg>\t\t\t<\/span>\n\t\t\t\t\t\t\t\t\t<span class=\"elementor-button-text\">+39 3479746257 - info@new.tapadum.com<\/span>\n\t\t\t\t\t<\/span>\n\t\t\t\t\t<\/a>\n\t\t\t\t\t\t\t\t<\/div>\n\t\t\t\t<div class=\"elementor-element elementor-element-af97202 elementor-align-center elementor-widget elementor-widget-button\" data-id=\"af97202\" data-element_type=\"widget\" data-e-type=\"widget\" data-widget_type=\"button.default\">\n\t\t\t\t\t\t\t\t\t\t<a class=\"elementor-button elementor-button-link elementor-size-md\" href=\"https:\/\/new.tapadum.com\/fr\/contactez-nous\/\">\n\t\t\t\t\t\t<span class=\"elementor-button-content-wrapper\">\n\t\t\t\t\t\t\t\t\t<span class=\"elementor-button-text\">Contactez-nous<\/span>\n\t\t\t\t\t<\/span>\n\t\t\t\t\t<\/a>\n\t\t\t\t\t\t\t\t<\/div>\n\t\t\t\t\t<\/div>\n\t\t<\/div>\n\t\t\t\t<div class=\"elementor-column elementor-col-33 elementor-top-column elementor-element elementor-element-20fa527d elementor-hidden-tablet elementor-hidden-phone\" data-id=\"20fa527d\" data-element_type=\"column\" data-e-type=\"column\">\n\t\t\t<div class=\"elementor-widget-wrap elementor-element-populated\">\n\t\t\t\t\t\t<div class=\"elementor-element elementor-element-266bdcd7 elementor-widget elementor-widget-spacer\" data-id=\"266bdcd7\" data-element_type=\"widget\" data-e-type=\"widget\" data-widget_type=\"spacer.default\">\n\t\t\t\t\t\t\t<div class=\"elementor-spacer\">\n\t\t\t<div class=\"elementor-spacer-inner\"><\/div>\n\t\t<\/div>\n\t\t\t\t\t\t<\/div>\n\t\t\t\t\t<\/div>\n\t\t<\/div>\n\t\t\t\t\t<\/div>\n\t\t<\/section>\n\t\t\t\t<section class=\"elementor-section elementor-top-section elementor-element elementor-element-fb0dbc3 elementor-section-full_width elementor-section-height-default elementor-section-height-default\" data-id=\"fb0dbc3\" data-element_type=\"section\" data-e-type=\"section\">\n\t\t\t\t\t\t<div class=\"elementor-container elementor-column-gap-no\">\n\t\t\t\t\t<div class=\"elementor-column elementor-col-100 elementor-top-column elementor-element elementor-element-90a82ce\" data-id=\"90a82ce\" data-element_type=\"column\" data-e-type=\"column\">\n\t\t\t<div class=\"elementor-widget-wrap elementor-element-populated\">\n\t\t\t\t\t\t<div class=\"elementor-element elementor-element-a6cf619 elementor-widget elementor-widget-gallery\" data-id=\"a6cf619\" data-element_type=\"widget\" data-e-type=\"widget\" data-widget_type=\"gallery.default\">\n\t\t\t\t<div class=\"elementor-widget-container\">\n\t\t\t\t\t \t\t\t\t<\/div>\n\t\t\t\t<\/div>\n\t\t\t\t\t<\/div>\n\t\t<\/div>\n\t\t\t\t\t<\/div>\n\t\t<\/section>\n\t\t\t\t<\/div>\n\t\t","protected":false},"excerpt":{"rendered":"<p>Cr\u00e9ez vos Propres Instruments de Musique : \u00cates-vous pr\u00eat \u00e0 donner vie \u00e0 votre vision musicale ? Chez Tapadum Music Store, notre \u00e9quipe d\u00e9vou\u00e9e est l\u00e0 pour faire de votre&#8230;<\/p>\n","protected":false},"author":1,"featured_media":0,"parent":0,"menu_order":0,"comment_status":"closed","ping_status":"closed","template":"","meta":{"footnotes":""},"class_list":["post-20042","page","type-page","status-publish","hentry"],"_links":{"self":[{"href":"https:\/\/new.tapadum.com\/fr\/wp-json\/wp\/v2\/pages\/20042","targetHints":{"allow":["GET"]}}],"collection":[{"href":"https:\/\/new.tapadum.com\/fr\/wp-json\/wp\/v2\/pages"}],"about":[{"href":"https:\/\/new.tapadum.com\/fr\/wp-json\/wp\/v2\/types\/page"}],"author":[{"embeddable":true,"href":"https:\/\/new.tapadum.com\/fr\/wp-json\/wp\/v2\/users\/1"}],"replies":[{"embeddable":true,"href":"https:\/\/new.tapadum.com\/fr\/wp-json\/wp\/v2\/comments?post=20042"}],"version-history":[{"count":8,"href":"https:\/\/new.tapadum.com\/fr\/wp-json\/wp\/v2\/pages\/20042\/revisions"}],"predecessor-version":[{"id":32989,"href":"https:\/\/new.tapadum.com\/fr\/wp-json\/wp\/v2\/pages\/20042\/revisions\/32989"}],"wp:attachment":[{"href":"https:\/\/new.tapadum.com\/fr\/wp-json\/wp\/v2\/media?parent=20042"}],"curies":[{"name":"wp","href":"https:\/\/api.w.org\/{rel}","templated":true}]}}