{"id":33695,"date":"2025-06-12T18:18:23","date_gmt":"2025-06-12T16:18:23","guid":{"rendered":"https:\/\/new.tapadum.com\/discounts-es\/"},"modified":"2026-05-03T01:37:02","modified_gmt":"2026-05-02T23:37:02","slug":"discounts","status":"publish","type":"page","link":"https:\/\/new.tapadum.com\/es\/discounts\/","title":{"rendered":"Descuentos de Tapadum"},"content":{"rendered":"\t\t<div data-elementor-type=\"wp-page\" data-elementor-id=\"33695\" class=\"elementor elementor-33695 elementor-25620\">\n\t\t\t\t<div class=\"elementor-element elementor-element-789fa5e e-flex e-con-boxed e-con e-parent\" data-id=\"789fa5e\" data-element_type=\"container\" data-e-type=\"container\" data-settings=\"{&quot;background_background&quot;:&quot;classic&quot;}\">\n\t\t\t\t\t<div class=\"e-con-inner\">\n\t\t\t\t\t<\/div>\n\t\t\t\t<\/div>\n\t\t<div class=\"elementor-element elementor-element-0e5d0be e-flex e-con-boxed e-con e-parent\" data-id=\"0e5d0be\" data-element_type=\"container\" data-e-type=\"container\" data-settings=\"{&quot;background_background&quot;:&quot;classic&quot;}\">\n\t\t\t\t\t<div class=\"e-con-inner\">\n\t\t<div class=\"elementor-element elementor-element-189b11e e-con-full e-flex e-con e-child\" data-id=\"189b11e\" data-element_type=\"container\" data-e-type=\"container\">\n\t\t<div class=\"elementor-element elementor-element-53292c8 e-con-full e-flex e-con e-child\" data-id=\"53292c8\" data-element_type=\"container\" data-e-type=\"container\" data-settings=\"{&quot;background_background&quot;:&quot;classic&quot;}\">\n\t\t\t\t<div class=\"elementor-element elementor-element-339d7a5 elementor-widget elementor-widget-text-editor\" data-id=\"339d7a5\" data-element_type=\"widget\" data-e-type=\"widget\" data-widget_type=\"text-editor.default\">\n\t\t\t\t\t\t\t\t\t<p>Ahora puedes encontrar una cuidada selecci\u00f3n de instrumentos de percusi\u00f3n con descuento, incluyendo darbuka, riq, udu, tambores de marco, handpan y tambores de leng\u00fceta. Descubre una variedad de piezas artesanales dise\u00f1adas para aportar profundidad, textura y ritmo a tu m\u00fasica.<\/p>\t\t\t\t\t\t\t\t<\/div>\n\t\t\t\t<\/div>\n\t\t<div class=\"elementor-element elementor-element-d8ce57e e-con-full e-flex e-con e-child\" data-id=\"d8ce57e\" data-element_type=\"container\" data-e-type=\"container\" data-settings=\"{&quot;background_background&quot;:&quot;classic&quot;}\">\n\t\t\t\t<div class=\"elementor-element elementor-element-b1ceddc elementor-widget elementor-widget-text-editor\" data-id=\"b1ceddc\" data-element_type=\"widget\" data-e-type=\"widget\" data-widget_type=\"text-editor.default\">\n\t\t\t\t\t\t\t\t\t<section class=\"text-token-text-primary w-full focus:outline-none [--shadow-height:45px] has-data-writing-block:pointer-events-none has-data-writing-block:-mt-(--shadow-height) has-data-writing-block:pt-(--shadow-height) [&amp;:has([data-writing-block])&gt;*]:pointer-events-auto R6Vx5W_threadScrollVars scroll-mb-[calc(var(--scroll-root-safe-area-inset-bottom,0px)+var(--thread-response-height))] scroll-mt-(--header-height)\" dir=\"auto\" data-turn-id=\"1619d1a1-2f68-41d6-b810-20dfcc9e22c7\" data-testid=\"conversation-turn-9\" data-scroll-anchor=\"false\" data-turn=\"user\"><\/section><section class=\"text-token-text-primary w-full focus:outline-none [--shadow-height:45px] has-data-writing-block:pointer-events-none has-data-writing-block:-mt-(--shadow-height) has-data-writing-block:pt-(--shadow-height) [&amp;:has([data-writing-block])&gt;*]:pointer-events-auto [content-visibility:auto] supports-[content-visibility:auto]:[contain-intrinsic-size:auto_100lvh] R6Vx5W_threadScrollVars scroll-mb-[calc(var(--scroll-root-safe-area-inset-bottom,0px)+var(--thread-response-height))] scroll-mt-[calc(var(--header-height)+min(200px,max(70px,20svh)))]\" dir=\"auto\" data-turn-id=\"request-WEB:02942043-c8c0-459b-8ad9-6f6ce58c53e0-4\" data-testid=\"conversation-turn-10\" data-scroll-anchor=\"false\" data-turn=\"assistant\"><div class=\"text-base my-auto mx-auto pb-10 [--thread-content-margin:var(--thread-content-margin-xs,calc(var(--spacing)*4))] @w-sm\/main:[--thread-content-margin:var(--thread-content-margin-sm,calc(var(--spacing)*6))] @w-lg\/main:[--thread-content-margin:var(--thread-content-margin-lg,calc(var(--spacing)*16))] px-(--thread-content-margin)\"><div class=\"[--thread-content-max-width:40rem] @w-lg\/main:[--thread-content-max-width:48rem] mx-auto max-w-(--thread-content-max-width) flex-1 group\/turn-messages focus-visible:outline-hidden relative flex w-full min-w-0 flex-col agent-turn\"><div class=\"flex max-w-full flex-col gap-4 grow\"><div class=\"min-h-8 text-message relative flex w-full flex-col items-end gap-2 text-start break-words whitespace-normal outline-none keyboard-focused:focus-ring [.text-message+&amp;]:mt-1\" dir=\"auto\" tabindex=\"0\" data-message-author-role=\"assistant\" data-message-id=\"b195dd1e-c2ef-4ef6-b3d9-8c19692a066b\" data-message-model-slug=\"gpt-5-3\" data-turn-start-message=\"true\"><div class=\"flex w-full flex-col gap-1 empty:hidden\"><div class=\"markdown prose dark:prose-invert w-full wrap-break-word dark markdown-new-styling\"><p data-start=\"0\" data-end=\"251\" data-is-last-node=\"\" data-is-only-node=\"\">Disponemos de una variada selecci\u00f3n de instrumentos de cuerda a precios reducidos, como el oud, la lavta, el santur, el bouzouki griego, la tambura b\u00falgara, el setar y el tar. Descubra timbres \u00fanicos y la artesan\u00eda tradicional de diferentes culturas musicales.<\/p><\/div><\/div><\/div><\/div><\/div><\/div><\/section>\t\t\t\t\t\t\t\t<\/div>\n\t\t\t\t<\/div>\n\t\t<div class=\"elementor-element elementor-element-bc469b9 e-con-full e-flex e-con e-child\" data-id=\"bc469b9\" data-element_type=\"container\" data-e-type=\"container\" data-settings=\"{&quot;background_background&quot;:&quot;classic&quot;}\">\n\t\t\t\t<div class=\"elementor-element elementor-element-833f81c elementor-widget elementor-widget-text-editor\" data-id=\"833f81c\" data-element_type=\"widget\" data-e-type=\"widget\" data-widget_type=\"text-editor.default\">\n\t\t\t\t\t\t\t\t\t<section class=\"text-token-text-primary w-full focus:outline-none [--shadow-height:45px] has-data-writing-block:pointer-events-none has-data-writing-block:-mt-(--shadow-height) has-data-writing-block:pt-(--shadow-height) [&amp;:has([data-writing-block])&gt;*]:pointer-events-auto R6Vx5W_threadScrollVars scroll-mb-[calc(var(--scroll-root-safe-area-inset-bottom,0px)+var(--thread-response-height))] scroll-mt-(--header-height)\" dir=\"auto\" data-turn-id=\"1619d1a1-2f68-41d6-b810-20dfcc9e22c7\" data-testid=\"conversation-turn-9\" data-scroll-anchor=\"false\" data-turn=\"user\"><\/section><section class=\"text-token-text-primary w-full focus:outline-none [--shadow-height:45px] has-data-writing-block:pointer-events-none has-data-writing-block:-mt-(--shadow-height) has-data-writing-block:pt-(--shadow-height) [&amp;:has([data-writing-block])&gt;*]:pointer-events-auto [content-visibility:auto] supports-[content-visibility:auto]:[contain-intrinsic-size:auto_100lvh] R6Vx5W_threadScrollVars scroll-mb-[calc(var(--scroll-root-safe-area-inset-bottom,0px)+var(--thread-response-height))] scroll-mt-[calc(var(--header-height)+min(200px,max(70px,20svh)))]\" dir=\"auto\" data-turn-id=\"request-WEB:02942043-c8c0-459b-8ad9-6f6ce58c53e0-4\" data-testid=\"conversation-turn-10\" data-scroll-anchor=\"false\" data-turn=\"assistant\"><div class=\"text-base my-auto mx-auto pb-10 [--thread-content-margin:var(--thread-content-margin-xs,calc(var(--spacing)*4))] @w-sm\/main:[--thread-content-margin:var(--thread-content-margin-sm,calc(var(--spacing)*6))] @w-lg\/main:[--thread-content-margin:var(--thread-content-margin-lg,calc(var(--spacing)*16))] px-(--thread-content-margin)\"><div class=\"[--thread-content-max-width:40rem] @w-lg\/main:[--thread-content-max-width:48rem] mx-auto max-w-(--thread-content-max-width) flex-1 group\/turn-messages focus-visible:outline-hidden relative flex w-full min-w-0 flex-col agent-turn\"><div class=\"flex max-w-full flex-col gap-4 grow\"><div class=\"min-h-8 text-message relative flex w-full flex-col items-end gap-2 text-start break-words whitespace-normal outline-none keyboard-focused:focus-ring [.text-message+&amp;]:mt-1\" dir=\"auto\" tabindex=\"0\" data-message-author-role=\"assistant\" data-message-id=\"b195dd1e-c2ef-4ef6-b3d9-8c19692a066b\" data-message-model-slug=\"gpt-5-3\" data-turn-start-message=\"true\"><div class=\"flex w-full flex-col gap-1 empty:hidden\"><div class=\"markdown prose dark:prose-invert w-full wrap-break-word dark markdown-new-styling\"><p data-start=\"0\" data-end=\"251\" data-is-last-node=\"\" data-is-only-node=\"\">Obt\u00e9n un 3% de descuento adicional sobre nuestras ofertas actuales simplemente envi\u00e1ndonos un correo electr\u00f3nico y creando una cuenta en nuestro sitio web. Solo tienes que escribirnos a info@new.tapadum.com y te enviaremos tu cup\u00f3n de descuento exclusivo.<\/p><\/div><\/div><\/div><\/div><\/div><\/div><\/section>\t\t\t\t\t\t\t\t<\/div>\n\t\t\t\t<\/div>\n\t\t\t\t<\/div>\n\t\t\t\t\t<\/div>\n\t\t\t\t<\/div>\n\t\t<div class=\"elementor-element elementor-element-bb1dc88 e-flex e-con-boxed e-con e-parent\" data-id=\"bb1dc88\" data-element_type=\"container\" data-e-type=\"container\">\n\t\t\t\t\t<div class=\"e-con-inner\">\n\t\t<div class=\"elementor-element elementor-element-09767c6 e-con-full e-flex e-con e-child\" data-id=\"09767c6\" data-element_type=\"container\" data-e-type=\"container\">\n\t\t\t\t<div class=\"elementor-element elementor-element-b0c4093 elementor-widget elementor-widget-image\" data-id=\"b0c4093\" data-element_type=\"widget\" data-e-type=\"widget\" data-widget_type=\"image.default\">\n\t\t\t\t\t\t\t\t\t\t\t\t\t\t\t<img fetchpriority=\"high\" decoding=\"async\" width=\"1024\" height=\"576\" src=\"https:\/\/new.tapadum.com\/wp-content\/uploads\/2026\/05\/1-2-1024x576.jpg\" class=\"attachment-large size-large wp-image-35381\" alt=\"\" srcset=\"https:\/\/new.tapadum.com\/wp-content\/uploads\/2026\/05\/1-2-1024x576.jpg 1024w, https:\/\/new.tapadum.com\/wp-content\/uploads\/2026\/05\/1-2-1200x675.jpg 1200w, https:\/\/new.tapadum.com\/wp-content\/uploads\/2026\/05\/1-2-300x169.jpg 300w, https:\/\/new.tapadum.com\/wp-content\/uploads\/2026\/05\/1-2-768x432.jpg 768w, https:\/\/new.tapadum.com\/wp-content\/uploads\/2026\/05\/1-2-1536x864.jpg 1536w, https:\/\/new.tapadum.com\/wp-content\/uploads\/2026\/05\/1-2.jpg 1920w\" sizes=\"(max-width: 1024px) 100vw, 1024px\" \/>\t\t\t\t\t\t\t\t\t\t\t\t\t\t\t<\/div>\n\t\t\t\t<div class=\"elementor-element elementor-element-8e1084d elementor-widget elementor-widget-image\" data-id=\"8e1084d\" data-element_type=\"widget\" data-e-type=\"widget\" data-widget_type=\"image.default\">\n\t\t\t\t\t\t\t\t\t\t\t\t\t\t\t<img decoding=\"async\" width=\"1024\" height=\"576\" src=\"https:\/\/new.tapadum.com\/wp-content\/uploads\/2026\/05\/6-1024x576.jpg\" class=\"attachment-large size-large wp-image-35382\" alt=\"\" srcset=\"https:\/\/new.tapadum.com\/wp-content\/uploads\/2026\/05\/6-1024x576.jpg 1024w, https:\/\/new.tapadum.com\/wp-content\/uploads\/2026\/05\/6-1200x675.jpg 1200w, https:\/\/new.tapadum.com\/wp-content\/uploads\/2026\/05\/6-300x169.jpg 300w, https:\/\/new.tapadum.com\/wp-content\/uploads\/2026\/05\/6-768x432.jpg 768w, https:\/\/new.tapadum.com\/wp-content\/uploads\/2026\/05\/6-1536x864.jpg 1536w, https:\/\/new.tapadum.com\/wp-content\/uploads\/2026\/05\/6.jpg 1920w\" sizes=\"(max-width: 1024px) 100vw, 1024px\" \/>\t\t\t\t\t\t\t\t\t\t\t\t\t\t\t<\/div>\n\t\t\t\t<\/div>\n\t\t<div class=\"elementor-element elementor-element-fb6d6a9 e-con-full e-flex e-con e-child\" data-id=\"fb6d6a9\" data-element_type=\"container\" data-e-type=\"container\">\n\t\t\t\t<\/div>\n\t\t\t\t\t<\/div>\n\t\t\t\t<\/div>\n\t\t<div class=\"elementor-element elementor-element-b4ff903 e-flex e-con-boxed e-con e-parent\" data-id=\"b4ff903\" data-element_type=\"container\" data-e-type=\"container\">\n\t\t\t\t\t<div class=\"e-con-inner\">\n\t\t\t\t<div class=\"elementor-element elementor-element-93c953d elementor-widget elementor-widget-woocommerce-products\" data-id=\"93c953d\" data-element_type=\"widget\" data-e-type=\"widget\" data-widget_type=\"woocommerce-products.default\">\n\t\t\t\t<div class=\"elementor-widget-container\">\n\t\t\t\t\t \t\t\t\t<\/div>\n\t\t\t\t<\/div>\n\t\t\t\t\t<\/div>\n\t\t\t\t<\/div>\n\t\t\t\t<\/div>\n\t\t","protected":false},"excerpt":{"rendered":"<p>Celebrate with us at Tapadum Ethnic Music Store and enjoy exclusive birthday discounts on a wide range of traditional musical instruments and accessories.For a limited time, we\u2019re offering special birthday&#8230;<\/p>\n","protected":false},"author":1,"featured_media":0,"parent":0,"menu_order":0,"comment_status":"closed","ping_status":"closed","template":"elementor_header_footer","meta":{"footnotes":""},"class_list":["post-33695","page","type-page","status-publish","hentry"],"_links":{"self":[{"href":"https:\/\/new.tapadum.com\/es\/wp-json\/wp\/v2\/pages\/33695","targetHints":{"allow":["GET"]}}],"collection":[{"href":"https:\/\/new.tapadum.com\/es\/wp-json\/wp\/v2\/pages"}],"about":[{"href":"https:\/\/new.tapadum.com\/es\/wp-json\/wp\/v2\/types\/page"}],"author":[{"embeddable":true,"href":"https:\/\/new.tapadum.com\/es\/wp-json\/wp\/v2\/users\/1"}],"replies":[{"embeddable":true,"href":"https:\/\/new.tapadum.com\/es\/wp-json\/wp\/v2\/comments?post=33695"}],"version-history":[{"count":12,"href":"https:\/\/new.tapadum.com\/es\/wp-json\/wp\/v2\/pages\/33695\/revisions"}],"predecessor-version":[{"id":35412,"href":"https:\/\/new.tapadum.com\/es\/wp-json\/wp\/v2\/pages\/33695\/revisions\/35412"}],"wp:attachment":[{"href":"https:\/\/new.tapadum.com\/es\/wp-json\/wp\/v2\/media?parent=33695"}],"curies":[{"name":"wp","href":"https:\/\/api.w.org\/{rel}","templated":true}]}}