{"id":24935,"date":"2023-07-10T22:00:17","date_gmt":"2023-07-10T20:00:17","guid":{"rendered":"https:\/\/new.tapadum.com\/?page_id=24935"},"modified":"2026-04-25T23:51:47","modified_gmt":"2026-04-25T21:51:47","slug":"terminos-y-condiciones","status":"publish","type":"page","link":"https:\/\/new.tapadum.com\/es\/terminos-y-condiciones\/","title":{"rendered":"T\u00e9rminos y condiciones Of Tapadum 2026"},"content":{"rendered":"\t\t<div data-elementor-type=\"wp-page\" data-elementor-id=\"24935\" class=\"elementor elementor-24935 elementor-9436\">\n\t\t\t\t<div class=\"elementor-element elementor-element-52017b0 e-flex e-con-boxed e-con e-parent\" data-id=\"52017b0\" data-element_type=\"container\" data-e-type=\"container\">\n\t\t\t\t\t<div class=\"e-con-inner\">\n\t\t\t\t<div class=\"elementor-element elementor-element-90cc5c9 elementor-widget elementor-widget-heading\" data-id=\"90cc5c9\" data-element_type=\"widget\" data-e-type=\"widget\" data-widget_type=\"heading.default\">\n\t\t\t\t\t<h2 class=\"elementor-heading-title elementor-size-default\">T\u00e9rminos y Condiciones<\/h2>\t\t\t\t<\/div>\n\t\t\t\t<div class=\"elementor-element elementor-element-5e1e523 elementor-widget elementor-widget-text-editor\" data-id=\"5e1e523\" data-element_type=\"widget\" data-e-type=\"widget\" data-widget_type=\"text-editor.default\">\n\t\t\t\t\t\t\t\t\t<p>POL\u00cdTICA DE DEVOLUCIONES Y REEMBOLSOS &#8211; Puede devolver la mayor\u00eda de los art\u00edculos nuevos y sin abrir dentro de los 15 d\u00edas posteriores a la entrega para obtener un reembolso completo. Tambi\u00e9n cubriremos los gastos de env\u00edo de la devoluci\u00f3n si esta se debe a un error nuestro (por ejemplo, si recibi\u00f3 un art\u00edculo incorrecto o defectuoso). En otros casos, los gastos de env\u00edo correr\u00e1n por cuenta del cliente.<\/p>\n<p>Recibir\u00e1 su reembolso en un plazo de cuatro semanas a partir de la fecha en que entregue el paquete a la empresa de transporte. Sin embargo, en muchos casos, el reembolso se procesar\u00e1 antes. Este plazo incluye el tiempo de tr\u00e1nsito para que recibamos su devoluci\u00f3n (de 5 a 10 d\u00edas h\u00e1biles), el tiempo que tardamos en procesarla una vez recibida (de 3 a 5 d\u00edas h\u00e1biles) y el tiempo que tarda su banco en procesar nuestra solicitud de reembolso (de 5 a 10 d\u00edas h\u00e1biles).<\/p>\n<p>Los reembolsos se realizan una vez que se haya verificado la integridad de los productos devueltos. El paquete de devoluci\u00f3n debe estar preparado tal como se le envi\u00f3. Una vez que el producto nos llegue sin problemas, se proceder\u00e1 al reembolso.<\/p>\n<p>**Con un embalaje perfecto, sus instrumentos estar\u00e1n seguros.<\/p>\n<p>Tapadum se preocupa por los m\u00fasicos. Puede consultar cualquier problema relacionado con sus instrumentos con nuestro equipo. Tapadum le brindar\u00e1 asistencia t\u00e9cnica para cualquier inconveniente que pueda surgir.<\/p>\n<p>***Para env\u00edos fuera de Europa, los impuestos de aduana estadounidenses derivados de env\u00edos internacionales corren a cargo del cliente. Los compradores son responsables de cualquier impuesto de aduana e importaci\u00f3n que pueda aplicarse. No nos hacemos responsables de los retrasos debidos a la aduana.<\/p>\n<p>Si necesita ayuda, cont\u00e1ctenos:<\/p>\n<p>Tienda de M\u00fasica Tapadum &#8211; T\u00e9rminos y Condiciones<br \/>Via Vicolo Galletti 2, 48013 Brisighella (RA), Italia<br \/>info@new.tapadum.com<br \/>+39 3479746257<\/p>\n\t\t\t\t\t\t\t\t<\/div>\n\t\t\t\t\t<\/div>\n\t\t\t\t<\/div>\n\t\t<div class=\"elementor-element elementor-element-e7aeaf0 e-flex e-con-boxed e-con e-parent\" data-id=\"e7aeaf0\" data-element_type=\"container\" data-e-type=\"container\">\n\t\t\t\t\t<div class=\"e-con-inner\">\n\t\t\t\t<div class=\"elementor-element elementor-element-03e0ba0 elementor-widget-tablet__width-initial elementor-widget elementor-widget-image\" data-id=\"03e0ba0\" data-element_type=\"widget\" data-e-type=\"widget\" data-widget_type=\"image.default\">\n\t\t\t\t\t\t\t\t\t\t\t\t\t\t\t\t<a href=\"https:\/\/new.tapadum.com\/es\/contactenos\/\">\n\t\t\t\t\t\t\t<img fetchpriority=\"high\" decoding=\"async\" width=\"1024\" height=\"512\" src=\"https:\/\/new.tapadum.com\/wp-content\/uploads\/2024\/11\/terms-and-conditions-1024x512.jpg\" class=\"attachment-large size-large wp-image-24937\" alt=\"\" srcset=\"https:\/\/new.tapadum.com\/wp-content\/uploads\/2024\/11\/terms-and-conditions-1024x512.jpg 1024w, https:\/\/new.tapadum.com\/wp-content\/uploads\/2024\/11\/terms-and-conditions-scaled-1200x600.jpg 1200w, https:\/\/new.tapadum.com\/wp-content\/uploads\/2024\/11\/terms-and-conditions-300x150.jpg 300w, https:\/\/new.tapadum.com\/wp-content\/uploads\/2024\/11\/terms-and-conditions-768x384.jpg 768w, https:\/\/new.tapadum.com\/wp-content\/uploads\/2024\/11\/terms-and-conditions-1536x768.jpg 1536w, https:\/\/new.tapadum.com\/wp-content\/uploads\/2024\/11\/terms-and-conditions-2048x1024.jpg 2048w\" sizes=\"(max-width: 1024px) 100vw, 1024px\" \/>\t\t\t\t\t\t\t\t<\/a>\n\t\t\t\t\t\t\t\t\t\t\t\t\t\t\t<\/div>\n\t\t\t\t\t<\/div>\n\t\t\t\t<\/div>\n\t\t\t\t<\/div>\n\t\t","protected":false},"excerpt":{"rendered":"<p>POL\u00cdTICA DE DEVOLUCIONES Y REEMBOLSOS -Puede devolver la mayor\u00eda de los art\u00edculos nuevos y sin abrir dentro de los 15 d\u00edas posteriores a la entrega para obtener un reembolso completo&#8230;.<\/p>\n","protected":false},"author":1,"featured_media":0,"parent":0,"menu_order":0,"comment_status":"closed","ping_status":"closed","template":"","meta":{"footnotes":""},"class_list":["post-24935","page","type-page","status-publish","hentry"],"_links":{"self":[{"href":"https:\/\/new.tapadum.com\/es\/wp-json\/wp\/v2\/pages\/24935","targetHints":{"allow":["GET"]}}],"collection":[{"href":"https:\/\/new.tapadum.com\/es\/wp-json\/wp\/v2\/pages"}],"about":[{"href":"https:\/\/new.tapadum.com\/es\/wp-json\/wp\/v2\/types\/page"}],"author":[{"embeddable":true,"href":"https:\/\/new.tapadum.com\/es\/wp-json\/wp\/v2\/users\/1"}],"replies":[{"embeddable":true,"href":"https:\/\/new.tapadum.com\/es\/wp-json\/wp\/v2\/comments?post=24935"}],"version-history":[{"count":6,"href":"https:\/\/new.tapadum.com\/es\/wp-json\/wp\/v2\/pages\/24935\/revisions"}],"predecessor-version":[{"id":33463,"href":"https:\/\/new.tapadum.com\/es\/wp-json\/wp\/v2\/pages\/24935\/revisions\/33463"}],"wp:attachment":[{"href":"https:\/\/new.tapadum.com\/es\/wp-json\/wp\/v2\/media?parent=24935"}],"curies":[{"name":"wp","href":"https:\/\/api.w.org\/{rel}","templated":true}]}}